{"id":10779,"date":"2024-10-17T16:34:09","date_gmt":"2024-10-17T19:34:09","guid":{"rendered":"https:\/\/letsgofitness.cl\/?post_type=product&#038;p=10779"},"modified":"2026-04-10T11:16:43","modified_gmt":"2026-04-10T14:16:43","slug":"palmeta-de-caucho-50x50-cm-25-mm-color-rojo","status":"publish","type":"product","link":"https:\/\/letsgofitness.cl\/index.php\/producto\/palmeta-de-caucho-50x50-cm-25-mm-color-rojo\/","title":{"rendered":"PALMETA DE CAUCHO 50&#215;50 CM &#8211; 25 MM COLOR ROJO"},"content":{"rendered":"<h6><strong>Piso de caucho color ROJO ideal para entrenamientos de alto trafico, adem\u00e1s de cuidar los implementos de ca\u00eddas bruscas.<\/strong><\/h6>\n<h5>ESPECIFICACIONES T\u00c9CNICAS:<\/h5>\n<ul>\n<li>Dimensiones: 50 X 50 CM.<\/li>\n<li>Grosor: 25 MM.<\/li>\n<li>Peso: __ kg<\/li>\n<li>Gran elasticidad y capacidad de recepci\u00f3n de golpes. Lo cual proteger\u00e1 en gran medida los implementos de ca\u00eddas (mancuernas, discos, barras)<\/li>\n<li>Capacidad de elongaci\u00f3n 72%<\/li>\n<li>Plasticidad 45% al impacto vertical<\/li>\n<li>Piso altamente duradero, ideal para gran transito de personas.<\/li>\n<li>Superficie base porosa para aumentar la adherencia.<\/li>\n<\/ul>\n","protected":false},"excerpt":{"rendered":"<h4><strong>STOCK DISPONIBLE<\/strong><\/h4>\n","protected":false},"featured_media":10769,"template":"","meta":{"_joinchat":[]},"product_brand":[],"product_cat":[106,135,122],"product_tag":[],"class_list":{"0":"post-10779","1":"product","2":"type-product","3":"status-publish","4":"has-post-thumbnail","6":"product_cat-accesorios","7":"product_cat-oferta","8":"product_cat-stock","10":"first","11":"instock","12":"sale","13":"shipping-taxable","14":"purchasable","15":"product-type-simple"},"_links":{"self":[{"href":"https:\/\/letsgofitness.cl\/index.php\/wp-json\/wp\/v2\/product\/10779","targetHints":{"allow":["GET"]}}],"collection":[{"href":"https:\/\/letsgofitness.cl\/index.php\/wp-json\/wp\/v2\/product"}],"about":[{"href":"https:\/\/letsgofitness.cl\/index.php\/wp-json\/wp\/v2\/types\/product"}],"wp:featuredmedia":[{"embeddable":true,"href":"https:\/\/letsgofitness.cl\/index.php\/wp-json\/wp\/v2\/media\/10769"}],"wp:attachment":[{"href":"https:\/\/letsgofitness.cl\/index.php\/wp-json\/wp\/v2\/media?parent=10779"}],"wp:term":[{"taxonomy":"product_brand","embeddable":true,"href":"https:\/\/letsgofitness.cl\/index.php\/wp-json\/wp\/v2\/product_brand?post=10779"},{"taxonomy":"product_cat","embeddable":true,"href":"https:\/\/letsgofitness.cl\/index.php\/wp-json\/wp\/v2\/product_cat?post=10779"},{"taxonomy":"product_tag","embeddable":true,"href":"https:\/\/letsgofitness.cl\/index.php\/wp-json\/wp\/v2\/product_tag?post=10779"}],"curies":[{"name":"wp","href":"https:\/\/api.w.org\/{rel}","templated":true}]}}