{"id":10741,"date":"2024-10-13T21:21:41","date_gmt":"2024-10-14T00:21:41","guid":{"rendered":"https:\/\/letsgofitness.cl\/?post_type=product&#038;p=10741"},"modified":"2026-04-10T11:16:44","modified_gmt":"2026-04-10T14:16:44","slug":"remo-inclinado-con-apoyo-strength-pl-black","status":"publish","type":"product","link":"https:\/\/letsgofitness.cl\/index.php\/producto\/remo-inclinado-con-apoyo-strength-pl-black\/","title":{"rendered":"Remo inclinado con apoyo Strength PL- BLACK **OFERTA PAGO CONTADO $890.000** (Transferencia)"},"content":{"rendered":"<p>Nuevo <strong>Remo Inclinado con Apoyo<\/strong> de LETS GO FITNESS. Un modelo robusto fabricado en acero de alta calidad que nos presenta una forma totalmente precisa para hacer este ejercicio de la forma m\u00e1s c\u00f3moda y focalizada posible. Un ejemplo de biomec\u00e1nica perfecta que brinda la posibilidad de realizar el remo de forma supina, prono y neutra. Perfecta para desarrollar la densidad muscular de la espalda al completo, dando prioridad a dorsales y espalda baja.<\/p>\n<p>&nbsp;<\/p>\n<p><strong><span dir=\"ltr\" role=\"presentation\">ESPECIFICACIONES <\/span><span dir=\"ltr\" role=\"presentation\">T\u00c9CNICAS:<\/span><\/strong><\/p>\n<ul>\n<li>Fabricada en tubo oval de acero de alta calidad de 50 x 100 y 3 mm de espesor.<\/li>\n<li>Estructura soldada para garantizar un uso duradero. Cuenta con una capa de pintura negra mate en polvo para una fijaci\u00f3n total y una alta resistencia.<\/li>\n<li>Biomec\u00e1nica de m\u00e1quina dise\u00f1ada especialmente para permitir la accesibilidad a cualquier tipo de usuario.<\/li>\n<li>Tapizado color negro efecto carbono con relleno de PU + algod\u00f3n antibacteriano e ign\u00edfugo.<\/li>\n<li>Densidad tapizado: 88 kg\/m3.<\/li>\n<li>Rodamientos industriales y torniller\u00eda de alta calidad.<\/li>\n<li><strong>4 portadiscos<\/strong> de carga cromados con proceso de arenado, que le da un color m\u00e1s apagado y texturizado.<\/li>\n<li>Agarres c\u00f3modos fabricados en aluminio. Ofrecen una muy buena sensaci\u00f3n de agarre y seguridad al contacto.<\/li>\n<li>Respaldo de apoyo regulable en altura para adaptarse a todos los usuarios.<\/li>\n<li>Tacos de PVC blandos antideslizantes en su base sujetos con tornillos para evitar que se salgan con el paso del tiempo.<\/li>\n<\/ul>\n<p><strong>DIMENSIONES Y PESO:<\/strong><\/p>\n<ul>\n<li><strong>Largo:<\/strong>\u00a0162 cm.<\/li>\n<li><strong>Ancho:<\/strong>\u00a0172 cm.<\/li>\n<li><strong>Alto:<\/strong>\u00a0113 cm.<\/li>\n<li><strong>Peso:<\/strong>\u00a0165 kg.<\/li>\n<li><strong>Carga m\u00e1xima de discos:<\/strong>\u00a0350 kg.<\/li>\n<\/ul>\n<p>&nbsp;<\/p>\n<p><strong>Datos de Transferencia:<\/strong><\/p>\n<ul>\n<li>Cuenta corriente Banco de Chile N\u00b0\u00a0<strong>2780129801<\/strong><\/li>\n<li>Nombre:<strong>\u00a0Lets Go Fitness SpA\u00a0<\/strong>\u00a0Rut:<strong>\u00a076.631.524-0<\/strong><\/li>\n<li>Email:\u00a0<strong>ventas@letsgofitness.cl<\/strong><\/li>\n<\/ul>\n<blockquote><p><strong>Incluir mensaje SKU + OFERTA + Fono Contacto<\/strong><\/p><\/blockquote>\n","protected":false},"excerpt":{"rendered":"<p><strong>*OFERTA PAGO CONTADO $890.000 (TRANSFERENCIA)<\/strong><\/p>\n<p>Datos de Transferencia en\u00a0<strong>DESCRIPCI\u00d3N\u00a0 DEL PRODUCTO.<\/strong><\/p>\n","protected":false},"featured_media":10739,"template":"","meta":{"_joinchat":[]},"product_brand":[],"product_cat":[276,135,122,32,47],"product_tag":[],"class_list":{"0":"post-10741","1":"product","2":"type-product","3":"status-publish","4":"has-post-thumbnail","6":"product_cat-oferta-pago-contado","7":"product_cat-oferta","8":"product_cat-stock","9":"product_cat-profesional","10":"product_cat-peso-libre-profesional","12":"first","13":"instock","14":"sale","15":"shipping-taxable","16":"purchasable","17":"product-type-simple"},"_links":{"self":[{"href":"https:\/\/letsgofitness.cl\/index.php\/wp-json\/wp\/v2\/product\/10741","targetHints":{"allow":["GET"]}}],"collection":[{"href":"https:\/\/letsgofitness.cl\/index.php\/wp-json\/wp\/v2\/product"}],"about":[{"href":"https:\/\/letsgofitness.cl\/index.php\/wp-json\/wp\/v2\/types\/product"}],"wp:featuredmedia":[{"embeddable":true,"href":"https:\/\/letsgofitness.cl\/index.php\/wp-json\/wp\/v2\/media\/10739"}],"wp:attachment":[{"href":"https:\/\/letsgofitness.cl\/index.php\/wp-json\/wp\/v2\/media?parent=10741"}],"wp:term":[{"taxonomy":"product_brand","embeddable":true,"href":"https:\/\/letsgofitness.cl\/index.php\/wp-json\/wp\/v2\/product_brand?post=10741"},{"taxonomy":"product_cat","embeddable":true,"href":"https:\/\/letsgofitness.cl\/index.php\/wp-json\/wp\/v2\/product_cat?post=10741"},{"taxonomy":"product_tag","embeddable":true,"href":"https:\/\/letsgofitness.cl\/index.php\/wp-json\/wp\/v2\/product_tag?post=10741"}],"curies":[{"name":"wp","href":"https:\/\/api.w.org\/{rel}","templated":true}]}}