{"id":10668,"date":"2024-10-07T14:50:22","date_gmt":"2024-10-07T17:50:22","guid":{"rendered":"https:\/\/letsgofitness.cl\/?post_type=product&#038;p=10668"},"modified":"2026-04-10T11:17:23","modified_gmt":"2026-04-10T14:17:23","slug":"realleader-usa-lat-pull-down","status":"publish","type":"product","link":"https:\/\/letsgofitness.cl\/index.php\/producto\/realleader-usa-lat-pull-down\/","title":{"rendered":"REALLEADER USA LAT PULL DOWN M3"},"content":{"rendered":"<h2>REALLEADER USA L\u00ednea M3<\/h2>\n<p>La l\u00ednea M3 de Realleader USA redefine el est\u00e1ndar en\u00a0 equipos Profesionales, representan la combinaci\u00f3n perfecta de innovaci\u00f3n, dise\u00f1o ergon\u00f3mico y durabilidad para proporcionar una experiencia de entrenamiento excepcional a los usuarios de gimnasios y centros de acondicionamiento f\u00edsico.<\/p>\n<div class=\"fl-col-group fl-node-63eef594bbbb6\" data-node=\"63eef594bbbb6\">\n<div class=\"fl-col fl-node-63eef594bbbf6\" data-node=\"63eef594bbbf6\">\n<div class=\"fl-col-content fl-node-content\">\n<div class=\"fl-module fl-module-icon fl-node-63eef594bbc39\" data-node=\"63eef594bbc39\" data-animation-delay=\"0.0\">\n<div class=\"fl-module-content fl-node-content\">\n<div class=\"fl-icon-wrap\">\n<div class=\"fl-icon-text\">\n<p><strong>M3-1013 Jal\u00f3n hacia abajo<\/strong><\/p>\n<\/div>\n<\/div>\n<\/div>\n<\/div>\n<div class=\"fl-module fl-module-separator fl-node-63eef594bbc87\" data-node=\"63eef594bbc87\" data-animation-delay=\"0.0\">\n<div class=\"fl-module-content fl-node-content\">\n<div class=\"fl-separator\"><strong>Dise\u00f1o visual<\/strong><\/div>\n<\/div>\n<\/div>\n<\/div>\n<\/div>\n<\/div>\n<div class=\"fl-col-group fl-node-63eef594bbd13\" data-node=\"63eef594bbd13\">\n<div class=\"fl-col fl-node-63eef594bbd51\" data-node=\"63eef594bbd51\">\n<div class=\"fl-col-content fl-node-content\">\n<div class=\"fl-module fl-module-rich-text fl-node-63eef594bbd8f\" data-node=\"63eef594bbd8f\" data-animation-delay=\"0.0\">\n<div class=\"fl-module-content fl-node-content\">\n<div class=\"fl-rich-text\">\n<p>Todos los pasadores de ajuste y los pasadores de selecci\u00f3n de peso est\u00e1n hechos de aleaci\u00f3n de aluminio, lo cual es muy visible.<\/p>\n<p><strong>\u00a0Instructivo impreso<\/strong><br \/>\nCuentan con grandes diagramas de configuraci\u00f3n y posici\u00f3n de inicio y finalizaci\u00f3n que son visiblemente f\u00e1ciles de identificar.<\/p>\n<p><strong>Selecci\u00f3n de carga m\u00e1s sencilla<\/strong><br \/>\nLa selecci\u00f3n del peso correcto es una experiencia sin complicaciones gracias al nuevo pasador de la columna de pesas con cable pretensado que no se atasca entre las columnas de pesas.<\/p>\n<p>Estructura color negro y tapizado color caf\u00e9<\/p>\n<div class=\"woocommerce-tabs wc-tabs-wrapper\">\n<div id=\"tab-additional_information\" class=\"woocommerce-Tabs-panel woocommerce-Tabs-panel--additional_information panel entry-content wc-tab\" role=\"tabpanel\" aria-labelledby=\"tab-title-additional_information\">\n<table class=\"woocommerce-product-attributes shop_attributes\" style=\"height: 91px\" width=\"269\" aria-label=\"Detalles del producto\">\n<tbody>\n<tr class=\"woocommerce-product-attributes-item woocommerce-product-attributes-item--weight\">\n<th class=\"woocommerce-product-attributes-item__label\" scope=\"row\">Weight stack<\/th>\n<td class=\"woocommerce-product-attributes-item__value\">119kg<\/td>\n<\/tr>\n<tr class=\"woocommerce-product-attributes-item woocommerce-product-attributes-item--dimensions\">\n<th class=\"woocommerce-product-attributes-item__label\" scope=\"row\">Dimensiones<\/th>\n<td class=\"woocommerce-product-attributes-item__value\">1954 \u00d7 1009 \u00d7 1879 mm<\/td>\n<\/tr>\n<\/tbody>\n<\/table>\n<\/div>\n<\/div>\n<\/div>\n<\/div>\n<\/div>\n<\/div>\n<\/div>\n<\/div>\n","protected":false},"excerpt":{"rendered":"<p>REALLEADER USA L\u00ednea M3 La l\u00ednea M3 de Realleader USA redefine el est\u00e1ndar en\u00a0 equipos Profesionales, representan la combinaci\u00f3n perfecta de innovaci\u00f3n, dise\u00f1o ergon\u00f3mico y durabilidad<span class=\"excerpt-hellip\"> [\u2026]<\/span><\/p>\n","protected":false},"featured_media":10645,"template":"","meta":{"_joinchat":[]},"product_brand":[],"product_cat":[135,122,32,48],"product_tag":[],"class_list":{"0":"post-10668","1":"product","2":"type-product","3":"status-publish","4":"has-post-thumbnail","6":"product_cat-oferta","7":"product_cat-stock","8":"product_cat-profesional","9":"product_cat-peso-integrado-profesional","11":"first","12":"instock","13":"sale","14":"shipping-taxable","15":"purchasable","16":"product-type-simple"},"_links":{"self":[{"href":"https:\/\/letsgofitness.cl\/index.php\/wp-json\/wp\/v2\/product\/10668","targetHints":{"allow":["GET"]}}],"collection":[{"href":"https:\/\/letsgofitness.cl\/index.php\/wp-json\/wp\/v2\/product"}],"about":[{"href":"https:\/\/letsgofitness.cl\/index.php\/wp-json\/wp\/v2\/types\/product"}],"wp:featuredmedia":[{"embeddable":true,"href":"https:\/\/letsgofitness.cl\/index.php\/wp-json\/wp\/v2\/media\/10645"}],"wp:attachment":[{"href":"https:\/\/letsgofitness.cl\/index.php\/wp-json\/wp\/v2\/media?parent=10668"}],"wp:term":[{"taxonomy":"product_brand","embeddable":true,"href":"https:\/\/letsgofitness.cl\/index.php\/wp-json\/wp\/v2\/product_brand?post=10668"},{"taxonomy":"product_cat","embeddable":true,"href":"https:\/\/letsgofitness.cl\/index.php\/wp-json\/wp\/v2\/product_cat?post=10668"},{"taxonomy":"product_tag","embeddable":true,"href":"https:\/\/letsgofitness.cl\/index.php\/wp-json\/wp\/v2\/product_tag?post=10668"}],"curies":[{"name":"wp","href":"https:\/\/api.w.org\/{rel}","templated":true}]}}