{"id":10450,"date":"2024-09-11T14:48:24","date_gmt":"2024-09-11T17:48:24","guid":{"rendered":"https:\/\/letsgofitness.cl\/?post_type=product&#038;p=10450"},"modified":"2026-03-30T15:04:19","modified_gmt":"2026-03-30T18:04:19","slug":"remo-sentado-boss-strength-b","status":"publish","type":"product","link":"https:\/\/letsgofitness.cl\/index.php\/producto\/remo-sentado-boss-strength-b\/","title":{"rendered":"REMO SENTADO BOSS STRENGTH B"},"content":{"rendered":"<p>CARACTER\u00cdSTICAS T\u00c9CNICAS<\/p>\n<ul>\n<li>Fabricada con tubo ovalado de acero Q235 de primera calidad, de 100 x 50 mm y 3 mm de grosor.<\/li>\n<li>Estructura soldada para asegurar una larga durabilidad. Viene con un recubrimiento de pintura negra mate en polvo, ofreciendo una fijaci\u00f3n s\u00f3lida y alta resistencia.<\/li>\n<li>Dise\u00f1o biomec\u00e1nico creado para ser accesible para todos los usuarios.<\/li>\n<li>Tapizado en color negro mate con relleno de FOAM, con propiedades antibacterianas e ign\u00edfugas.<\/li>\n<li>Densidad del tapizado: 200 kg\/m\u00b3.<\/li>\n<li>Incluye rodamientos industriales y torniller\u00eda de alta calidad.<\/li>\n<li>Los agarres de aluminio proporcionan una sensaci\u00f3n de confort y seguridad.<\/li>\n<li>El asiento es ajustable en altura, permitiendo la adaptaci\u00f3n a cualquier usuario.<\/li>\n<li>Tacos de PVC antideslizantes en la base, fijados con tornillos para evitar su desplazamiento con el tiempo.<\/li>\n<\/ul>\n<p>DIMENSIONES Y PESO<\/p>\n<ul>\n<li><strong>Largo:<\/strong>\u00a0150 cm.<\/li>\n<li><strong>Ancho:\u00a0<\/strong>142 cm.<\/li>\n<li><strong>Alto:<\/strong>\u00a0134 cm.<\/li>\n<li><strong>Peso:\u00a0<\/strong>152 kg.<\/li>\n<li><strong>Capacidad m\u00e1xima de carga:\u00a0<\/strong>200 kg. (100 kg en cada portadiscos)<\/li>\n<\/ul>\n","protected":false},"excerpt":{"rendered":"<p>&nbsp;<\/p>\n<p>Conoce el nuevo Remo Sentado LG-4009 de Let&#8217;s Go Fitness. Esta m\u00e1quina permite trabajar en profundidad la parte alta e intermedia de la espalda, incluyendo dorsales, deltoides y trapecios, de manera precisa y natural. Su \u00e1ngulo de tir\u00f3n facilita una expansi\u00f3n dorsal y contracci\u00f3n adecuada. Adem\u00e1s, ofrece una mayor comodidad y soporte en comparaci\u00f3n con el remo con pesos libres.<\/p>\n","protected":false},"featured_media":13235,"template":"","meta":{"_joinchat":[]},"product_brand":[],"product_cat":[135,122,32,47],"product_tag":[],"class_list":{"0":"post-10450","1":"product","2":"type-product","3":"status-publish","4":"has-post-thumbnail","6":"product_cat-oferta","7":"product_cat-stock","8":"product_cat-profesional","9":"product_cat-peso-libre-profesional","11":"first","12":"outofstock","13":"sale","14":"shipping-taxable","15":"purchasable","16":"product-type-simple"},"_links":{"self":[{"href":"https:\/\/letsgofitness.cl\/index.php\/wp-json\/wp\/v2\/product\/10450","targetHints":{"allow":["GET"]}}],"collection":[{"href":"https:\/\/letsgofitness.cl\/index.php\/wp-json\/wp\/v2\/product"}],"about":[{"href":"https:\/\/letsgofitness.cl\/index.php\/wp-json\/wp\/v2\/types\/product"}],"wp:featuredmedia":[{"embeddable":true,"href":"https:\/\/letsgofitness.cl\/index.php\/wp-json\/wp\/v2\/media\/13235"}],"wp:attachment":[{"href":"https:\/\/letsgofitness.cl\/index.php\/wp-json\/wp\/v2\/media?parent=10450"}],"wp:term":[{"taxonomy":"product_brand","embeddable":true,"href":"https:\/\/letsgofitness.cl\/index.php\/wp-json\/wp\/v2\/product_brand?post=10450"},{"taxonomy":"product_cat","embeddable":true,"href":"https:\/\/letsgofitness.cl\/index.php\/wp-json\/wp\/v2\/product_cat?post=10450"},{"taxonomy":"product_tag","embeddable":true,"href":"https:\/\/letsgofitness.cl\/index.php\/wp-json\/wp\/v2\/product_tag?post=10450"}],"curies":[{"name":"wp","href":"https:\/\/api.w.org\/{rel}","templated":true}]}}