{"id":10308,"date":"2024-08-16T12:48:09","date_gmt":"2024-08-16T15:48:09","guid":{"rendered":"https:\/\/letsgofitness.cl\/?post_type=product&#038;p=10308"},"modified":"2026-04-10T11:10:08","modified_gmt":"2026-04-10T14:10:08","slug":"dual-leg-extension-prone-leg-curl-x-plus-boss-strength","status":"publish","type":"product","link":"https:\/\/letsgofitness.cl\/index.php\/producto\/dual-leg-extension-prone-leg-curl-x-plus-boss-strength\/","title":{"rendered":"Dual LEG EXTENSION\/ PRONE LEG CURL X-PLUS BOSS STRENGTH\/ **OFERTA PAGO CONTADO $1.190.000** (transferencia)"},"content":{"rendered":"<p><strong>Dual Cu\u00e1driceps\/Femoral tumbado BOSS STRENGTH X-PLUS<\/strong><\/p>\n<p>Este modelo cuenta con un dise\u00f1o totalmente innovador que ofrece un uso dos en uno que revolucionar\u00e1 tu sala de musculaci\u00f3n. Esta m\u00e1quina ha sido desarrollada ergon\u00f3micamente para proporcionar un movimiento natural y fluido, maximizando la efectividad de los ejercicios dirigidos a estas dos zonas .<\/p>\n<p>Este modelo ha sido creado buscando la eficiencia a trav\u00e9s de un dise\u00f1o dual \u00fanico focalizado espec\u00edficamente para entrenamientos de alto rendimiento.<\/p>\n<p>Se adapta a las necesidades individuales del usuario y permite realizar tanto la extensi\u00f3n de cu\u00e1driceps como la contracci\u00f3n de femoral tumbado, lo que favorece los ejercicios en super serie de piernas. Cuenta con la capacidad de regular el respaldo, asiento y los rodillos acolchados que sujetan las piernas, lo que proporciona un movimiento c\u00f3modo a la hora de ejercitar cualquiera de las dos zonas musculares.<\/p>\n<p><strong>Caracter\u00edsticas T\u00e9cnicas:<\/strong><\/p>\n<ul>\n<li>Portadiscos de carga en acero inoxidable.<\/li>\n<li>Rodamientos industriales y torniller\u00eda con est\u00e1ndar de calidad.<\/li>\n<li dir=\"auto\">Tapizado con relleno viscoel\u00e1stico y polipiel antibacteriana e ign\u00edfuga.<\/li>\n<li dir=\"auto\">El proceso de pintado de las m\u00e1quinas se realiza en t\u00fanel de tratamiento de cuatro capas, que ofrece una absoluta garant\u00eda contra la corrosi\u00f3n. En la primera capa se procede al desengrasado y fosfatado en caliente. La segunda se trata de un pre fosfatado a temperatura ambiente. En la tercera se procede a fosfatar en caliente. Y por \u00faltimo, se cubre la estructura con pintura epoxi en polvo.<\/li>\n<li>Estructura principal en acero de alta resistencia de 3 mm de grosor.<\/li>\n<li dir=\"auto\">Pictograma explicativo sobre la postura correcta para la realizaci\u00f3n del ejercicio y los m\u00fasculos implicados en el mismo.<\/li>\n<li dir=\"auto\">Cuenta con un sistema de carga de discos con selector que posibilita la elecci\u00f3n entre 3 niveles distintos de tensi\u00f3n a la hora de ejecutar el ejercicio. Entre sus tres posiciones encontramos una tensi\u00f3n baja, neutra y alta con una variaci\u00f3n descendente o ascendente del 25% del peso cargado.<\/li>\n<li dir=\"auto\">Respaldo y ajustes de piernas regulables.<\/li>\n<li dir=\"auto\">Tacos de PVC blandos antideslizantes en su base<\/li>\n<\/ul>\n<p><strong>Dimensiones y peso:<\/strong><\/p>\n<ul>\n<li><strong>Largo:\u00a0<\/strong>141.7 cm.<\/li>\n<li><strong>Ancho:\u00a0<\/strong>134.6 cm.<\/li>\n<li><strong>Altura:\u00a0<\/strong>103.8 cm.<\/li>\n<li><strong>Peso:\u00a0<\/strong>103.3 kg.<\/li>\n<li><strong>Carga m\u00e1xima:<\/strong>\u00a0150 kg.<\/li>\n<\/ul>\n","protected":false},"excerpt":{"rendered":"<p>Dual Cu\u00e1driceps\/Femoral tumbado BOSS STRENGTH X-PLUS Este modelo cuenta con un dise\u00f1o totalmente innovador que ofrece un uso dos en uno que revolucionar\u00e1 tu sala de<span class=\"excerpt-hellip\"> [\u2026]<\/span><\/p>\n","protected":false},"featured_media":10309,"template":"","meta":{"_joinchat":[]},"product_brand":[],"product_cat":[140,130,246,135,122,32],"product_tag":[],"class_list":{"0":"post-10308","1":"product","2":"type-product","3":"status-publish","4":"has-post-thumbnail","6":"product_cat-bancos-rack-smith","7":"product_cat-boss-strength","8":"product_cat-cuadriceps","9":"product_cat-oferta","10":"product_cat-stock","11":"product_cat-profesional","13":"first","14":"outofstock","15":"sale","16":"shipping-taxable","17":"purchasable","18":"product-type-simple"},"_links":{"self":[{"href":"https:\/\/letsgofitness.cl\/index.php\/wp-json\/wp\/v2\/product\/10308","targetHints":{"allow":["GET"]}}],"collection":[{"href":"https:\/\/letsgofitness.cl\/index.php\/wp-json\/wp\/v2\/product"}],"about":[{"href":"https:\/\/letsgofitness.cl\/index.php\/wp-json\/wp\/v2\/types\/product"}],"wp:featuredmedia":[{"embeddable":true,"href":"https:\/\/letsgofitness.cl\/index.php\/wp-json\/wp\/v2\/media\/10309"}],"wp:attachment":[{"href":"https:\/\/letsgofitness.cl\/index.php\/wp-json\/wp\/v2\/media?parent=10308"}],"wp:term":[{"taxonomy":"product_brand","embeddable":true,"href":"https:\/\/letsgofitness.cl\/index.php\/wp-json\/wp\/v2\/product_brand?post=10308"},{"taxonomy":"product_cat","embeddable":true,"href":"https:\/\/letsgofitness.cl\/index.php\/wp-json\/wp\/v2\/product_cat?post=10308"},{"taxonomy":"product_tag","embeddable":true,"href":"https:\/\/letsgofitness.cl\/index.php\/wp-json\/wp\/v2\/product_tag?post=10308"}],"curies":[{"name":"wp","href":"https:\/\/api.w.org\/{rel}","templated":true}]}}