{"id":10043,"date":"2024-07-18T15:16:29","date_gmt":"2024-07-18T18:16:29","guid":{"rendered":"https:\/\/letsgofitness.cl\/?post_type=product&#038;p=10043"},"modified":"2026-02-05T09:29:25","modified_gmt":"2026-02-05T12:29:25","slug":"boss-strength-multiestacion-4-stack-stack-125-kg-por-estacion","status":"publish","type":"product","link":"https:\/\/letsgofitness.cl\/index.php\/producto\/boss-strength-multiestacion-4-stack-stack-125-kg-por-estacion\/","title":{"rendered":"BOSS STRENGTH MULTIESTACION 4 STACK  **OFERTA PAGO CONTADO $5.300.000** (Transferencia)"},"content":{"rendered":"<p><strong>BOSS STRENGTH<\/strong> MULTIJUNGLE\u00a0 4 Estaciones, cuenta con un dise\u00f1o elegante y est\u00e9tico, respaldado por un exhaustivo estudio de calidad que garantiza un uso totalmente profesional. Est\u00e1 dise\u00f1ada para ofrecer una amplia variedad de ejercicios para alcanzar el m\u00e1ximo rendimiento de trabajo en todas las zonas musculares del cuerpo, cada estaci\u00f3n es\u00a0 indispensable para\u00a0 tu gimnasio. Este modelo de estaci\u00f3n compuesto por 4 puntos de polea con 4 torres de stack independientes (<strong>125kg cada estaci\u00f3n<\/strong>) brinda al usuario innumerables posibilidades mediante la combinaci\u00f3n del uso de diversos agarres, permitiendo ejercitar y fortalecer tanto el tren superior como el inferior. Esto es posible gracias a sus mecanismos de poleas de transmisi\u00f3n por cable conectadas a una torreta de placas de peso cada una.<\/p>\n<p>Lets Go Fitness, asegura a nuestros clientes la m\u00e1xima calidad del Proveedor, no hay diferencias con equipamientos del mismo Proveedor en el mercado &#8221; VISITA NUESTRO SHOWROOM\u00a0 Y COMPROBARAS&#8221;<\/p>\n<p><strong>Caracter\u00edsticas T\u00e9cnicas<\/strong><br \/>\n<strong>Estructura<\/strong><\/p>\n<ul>\n<li>Construida en tubo oval de acero de 3 mm.<\/li>\n<li>Partes desmontables<\/li>\n<li>Acero macizo con el que se evitan problemas de desgaste.<\/li>\n<\/ul>\n<p><strong>\u00a0Barras gu\u00edas y placas<\/strong><\/p>\n<ul>\n<li>Las barras gu\u00edas son de acero rectificado y normalizado (cromoduro). Las placas son de acero calibrado, pintadas en negro, estas tienen anillos de tefl\u00f3n de una calidad superior, lo cual produce un deslizamiento correcto y evitando ruidos por fricci\u00f3n.<br \/>\n<strong>Pintura<\/strong><\/li>\n<li>El proceso de pintado de las m\u00e1quinas se realiza en t\u00fanel de tratamiento de cuatro capas, que ofrece una absoluta garant\u00eda contra la corrosi\u00f3n. En la primera capa se procede al desengrasado y fosfatado en caliente. La segunda se trata de un prefosfatado a temperatura ambiente. En la tercera se procede a fosfatar en caliente. Y por \u00faltimo, se cubre la estructura con pintura epoxi en polvo.<br \/>\n<strong>Transmisi\u00f3n<\/strong><\/li>\n<li>Por cable.<br \/>\n<strong>Piezas m\u00f3viles<\/strong><\/li>\n<li>Las m\u00e1quinas est\u00e1n montadas sobre rodamiento (circulares o lineales) o ruedas de bronce y rodamientos.<br \/>\n<strong>Tapizado<\/strong><\/li>\n<li>Realizado en goma espuma de 3 cm. de espesor con 150 kg. de presi\u00f3n, y polipiel ign\u00edfuga.<br \/>\n<strong>Dimensiones y peso<\/strong><\/li>\n<li>Largo: 345 cm.<\/li>\n<li>Ancho: 195 cm.<\/li>\n<li>Alto: 230 cm.<br \/>\n<strong>Peso placas: 500 kg. distribuidos en 4 columnas:<\/strong><\/li>\n<li>\u00a0Polea Alta: 125 kg.<\/li>\n<li>\u00a0Polea Baja: 125 kg.<\/li>\n<li>Tr\u00edceps: 125 kg.<\/li>\n<li>Cruce \/ Regulable: 125 kg.<\/li>\n<\/ul>\n<p><strong>*OFERTA PAGO CONTADO $5.300.000 (Transferencia)*<\/strong><\/p>\n<p><strong>Datos de Transferencia:<\/strong><\/p>\n<ul>\n<li>Cuenta corriente Banco de Chile N\u00b0\u00a0<strong>2780129801<\/strong><\/li>\n<li>Nombre:<strong>\u00a0Lets Go Fitness SpA\u00a0<\/strong>\u00a0Rut:<strong>\u00a076.631.524-0<\/strong><\/li>\n<li>Email:\u00a0<strong>ventas@letsgofitness.cl<\/strong><\/li>\n<\/ul>\n<blockquote><p><strong>Incluir mensaje SKU + OFERTA + Fono Contacto<\/strong><\/p><\/blockquote>\n","protected":false},"excerpt":{"rendered":"<p>Datos de Transferencia en\u00a0<strong>DESCRIPCI\u00d3N\u00a0 DEL PRODUCTO.<\/strong><\/p>\n<p>&nbsp;<\/p>\n<h6><\/h6>\n","protected":false},"featured_media":10042,"template":"","meta":{"_joinchat":[]},"product_brand":[],"product_cat":[276,135,122],"product_tag":[],"class_list":{"0":"post-10043","1":"product","2":"type-product","3":"status-publish","4":"has-post-thumbnail","6":"product_cat-oferta-pago-contado","7":"product_cat-oferta","8":"product_cat-stock","10":"first","11":"instock","12":"sale","13":"shipping-taxable","14":"purchasable","15":"product-type-simple"},"_links":{"self":[{"href":"https:\/\/letsgofitness.cl\/index.php\/wp-json\/wp\/v2\/product\/10043","targetHints":{"allow":["GET"]}}],"collection":[{"href":"https:\/\/letsgofitness.cl\/index.php\/wp-json\/wp\/v2\/product"}],"about":[{"href":"https:\/\/letsgofitness.cl\/index.php\/wp-json\/wp\/v2\/types\/product"}],"wp:featuredmedia":[{"embeddable":true,"href":"https:\/\/letsgofitness.cl\/index.php\/wp-json\/wp\/v2\/media\/10042"}],"wp:attachment":[{"href":"https:\/\/letsgofitness.cl\/index.php\/wp-json\/wp\/v2\/media?parent=10043"}],"wp:term":[{"taxonomy":"product_brand","embeddable":true,"href":"https:\/\/letsgofitness.cl\/index.php\/wp-json\/wp\/v2\/product_brand?post=10043"},{"taxonomy":"product_cat","embeddable":true,"href":"https:\/\/letsgofitness.cl\/index.php\/wp-json\/wp\/v2\/product_cat?post=10043"},{"taxonomy":"product_tag","embeddable":true,"href":"https:\/\/letsgofitness.cl\/index.php\/wp-json\/wp\/v2\/product_tag?post=10043"}],"curies":[{"name":"wp","href":"https:\/\/api.w.org\/{rel}","templated":true}]}}